{"id":35,"date":"2026-04-20T15:44:15","date_gmt":"2026-04-20T13:44:15","guid":{"rendered":"http:\/\/wkwujd.dkonto.pl\/?page_id=35"},"modified":"2026-04-20T16:10:26","modified_gmt":"2026-04-20T14:10:26","slug":"inzynieria-multimediow","status":"publish","type":"page","link":"http:\/\/wkwujd.dkonto.pl\/index.php\/inzynieria-multimediow\/","title":{"rendered":"In\u017cynieria multimedi\u00f3w"},"content":{"rendered":"\n<div class=\"wp-block-group alignfull has-global-padding is-layout-constrained wp-container-core-group-is-layout-490fa1db wp-block-group-is-layout-constrained\" style=\"padding-top:var(--wp--preset--spacing--50);padding-right:var(--wp--preset--spacing--50);padding-bottom:var(--wp--preset--spacing--50);padding-left:var(--wp--preset--spacing--50)\">\n<div class=\"wp-block-group has-global-padding is-layout-constrained wp-container-core-group-is-layout-650790e1 wp-block-group-is-layout-constrained\">\n<h1 class=\"wp-block-heading has-text-align-center\">Co to in\u017cynieria multimedi\u00f3w?<\/h1>\n\n\n\n<div style=\"height:1.25rem\" aria-hidden=\"true\" class=\"wp-block-spacer\"><\/div>\n\n\n\n<div style=\"height:1.25rem\" aria-hidden=\"true\" class=\"wp-block-spacer\"><\/div>\n\n\n\n<figure class=\"wp-block-image size-full\"><img fetchpriority=\"high\" decoding=\"async\" width=\"800\" height=\"445\" src=\"http:\/\/wkwujd.dkonto.pl\/wp-content\/uploads\/2026\/04\/800x445_inzynieria-multimediow-83-1.jpg\" alt=\"\" class=\"wp-image-15\" srcset=\"http:\/\/wkwujd.dkonto.pl\/wp-content\/uploads\/2026\/04\/800x445_inzynieria-multimediow-83-1.jpg 800w, http:\/\/wkwujd.dkonto.pl\/wp-content\/uploads\/2026\/04\/800x445_inzynieria-multimediow-83-1-300x167.jpg 300w, http:\/\/wkwujd.dkonto.pl\/wp-content\/uploads\/2026\/04\/800x445_inzynieria-multimediow-83-1-768x427.jpg 768w\" sizes=\"(max-width: 800px) 100vw, 800px\" \/><\/figure>\n\n\n\n<div class=\"wp-block-buttons is-content-justification-center is-layout-flex wp-container-core-buttons-is-layout-a89b3969 wp-block-buttons-is-layout-flex\"><\/div>\n<\/div>\n\n\n\n<div style=\"height:36px\" aria-hidden=\"true\" class=\"wp-block-spacer\"><\/div>\n\n\n\n<figure class=\"wp-block-image alignwide size-full\"><img decoding=\"async\" width=\"1800\" height=\"1086\" src=\"http:\/\/wkwujd.dkonto.pl\/wp-content\/uploads\/2026\/04\/main_ac4ee1dd.webp\" alt=\"\" class=\"wp-image-48\" srcset=\"http:\/\/wkwujd.dkonto.pl\/wp-content\/uploads\/2026\/04\/main_ac4ee1dd.webp 1800w, http:\/\/wkwujd.dkonto.pl\/wp-content\/uploads\/2026\/04\/main_ac4ee1dd-300x181.webp 300w, http:\/\/wkwujd.dkonto.pl\/wp-content\/uploads\/2026\/04\/main_ac4ee1dd-1024x618.webp 1024w, http:\/\/wkwujd.dkonto.pl\/wp-content\/uploads\/2026\/04\/main_ac4ee1dd-768x463.webp 768w, http:\/\/wkwujd.dkonto.pl\/wp-content\/uploads\/2026\/04\/main_ac4ee1dd-1536x927.webp 1536w\" sizes=\"(max-width: 1800px) 100vw, 1800px\" \/><\/figure>\n<\/div>\n\n\n\n<div class=\"wp-block-group alignfull has-base-2-background-color has-background has-global-padding is-layout-constrained wp-container-core-group-is-layout-669513ed wp-block-group-is-layout-constrained\" style=\"margin-top:0;margin-bottom:0;padding-top:var(--wp--preset--spacing--50);padding-right:var(--wp--preset--spacing--50);padding-bottom:var(--wp--preset--spacing--50);padding-left:var(--wp--preset--spacing--50)\">\n<div class=\"wp-block-media-text alignwide is-stacked-on-mobile\"><figure class=\"wp-block-media-text__media\"><img decoding=\"async\" width=\"740\" height=\"493\" src=\"http:\/\/wkwujd.dkonto.pl\/wp-content\/uploads\/2026\/04\/cyfrowa-konsola-mikserska-z-suwakiem-i-miernikiem-glosnosci_169016-3285.avif\" alt=\"\" class=\"wp-image-55 size-full\" srcset=\"http:\/\/wkwujd.dkonto.pl\/wp-content\/uploads\/2026\/04\/cyfrowa-konsola-mikserska-z-suwakiem-i-miernikiem-glosnosci_169016-3285.avif 740w, http:\/\/wkwujd.dkonto.pl\/wp-content\/uploads\/2026\/04\/cyfrowa-konsola-mikserska-z-suwakiem-i-miernikiem-glosnosci_169016-3285-300x200.avif 300w\" sizes=\"(max-width: 740px) 100vw, 740px\" \/><\/figure><div class=\"wp-block-media-text__content\">\n<p>Trzy i p\u00f3\u0142 letnie stacjonarne i niestacjonarne studia in\u017cynierskie prowadzone przez Uniwersytet Humanistyczno-Przyrodniczy im. Jana D\u0142ugosza w Cz\u0119stochowie. Do wyboru po pierwszym semestrze dwie specjalno\u015bci Re\u017cyseria d\u017awi\u0119ku oraz Realizacja obrazu.<\/p>\n<\/div><\/div>\n\n\n\n<div class=\"wp-block-group is-vertical is-content-justification-center is-layout-flex wp-container-core-group-is-layout-52b864f0 wp-block-group-is-layout-flex\">\n<h2 class=\"wp-block-heading\">A<\/h2>\n\n\n\n<div style=\"height:0px\" aria-hidden=\"true\" class=\"wp-block-spacer wp-container-content-9760934e\"><\/div>\n\n\n\n<h2 class=\"wp-block-heading\"><\/h2>\n\n\n\n<details class=\"wp-block-details is-layout-flow wp-block-details-is-layout-flow\"><summary>Czego si\u0119 nauczysz?<br>W trakcie studi\u00f3w zdob\u0119dziesz praktyczne umiej\u0119tno\u015bci w obszarach takich jak:<\/summary><h1 class=\"wp-block-query-title\">Typ tre\u015bci: \u201eStrona&#8221;<\/h1><\/details>\n<\/div>\n\n\n\n<div style=\"margin-top:0;margin-bottom:0;height:var(--wp--preset--spacing--40)\" aria-hidden=\"true\" class=\"wp-block-spacer\"><\/div>\n\n\n\n<div class=\"wp-block-columns alignwide is-layout-flex wp-container-core-columns-is-layout-d0bbbce0 wp-block-columns-is-layout-flex\">\n<div class=\"wp-block-column is-layout-flow wp-container-core-column-is-layout-e3d1c41b wp-block-column-is-layout-flow\">\n<h3 class=\"wp-block-heading\" style=\"font-style:normal;font-weight:600\">Renovation and restoration<\/h3>\n\n\n\n<p class=\"has-text-align-left\">Studia na kierunku <strong>In\u017cynieria Multimedi\u00f3w<\/strong> to unikalne po\u0142\u0105czenie informatyki, telekomunikacji i sztuki cyfrowej. Program studi\u00f3w zosta\u0142 zaprojektowany tak, aby wykszta\u0142ci\u0107 specjalist\u00f3w potrafi\u0105cych nie tylko obs\u0142ugiwa\u0107 nowoczesne narz\u0119dzia, ale przede wszystkim tworzy\u0107 technologie, kt\u00f3re nimi steruj\u0105.<\/p>\n<\/div>\n\n\n\n<div class=\"wp-block-column is-layout-flow wp-container-core-column-is-layout-e3d1c41b wp-block-column-is-layout-flow\">\n<h3 class=\"wp-block-heading\" style=\"font-style:normal;font-weight:600\">Continuous Support<\/h3>\n\n\n\n<p class=\"has-text-align-left\"><strong>Przetwarzanie obrazu i d\u017awi\u0119ku:<\/strong> Poznasz algorytmy kompresji, filtracji i analizy sygna\u0142\u00f3w.<\/p>\n<\/div>\n\n\n\n<div class=\"wp-block-column is-layout-flow wp-container-core-column-is-layout-e3d1c41b wp-block-column-is-layout-flow\">\n<h3 class=\"wp-block-heading\" style=\"font-style:normal;font-weight:600\">App Access<\/h3>\n\n\n\n<p class=\"has-text-align-left\"><strong>Grafika komputerowa i animacja:<\/strong> Opanujesz modelowanie 3D, rendering oraz tworzenie silnik\u00f3w graficznych.<\/p>\n<\/div>\n<\/div>\n\n\n\n<div style=\"height:var(--wp--preset--spacing--20)\" aria-hidden=\"true\" class=\"wp-block-spacer\"><\/div>\n\n\n\n<div class=\"wp-block-columns alignwide is-layout-flex wp-container-core-columns-is-layout-d0bbbce0 wp-block-columns-is-layout-flex\">\n<div class=\"wp-block-column is-layout-flow wp-container-core-column-is-layout-e3d1c41b wp-block-column-is-layout-flow\">\n<h3 class=\"wp-block-heading\" style=\"font-style:normal;font-weight:600\">Consulting<\/h3>\n\n\n\n<p class=\"has-text-align-left\"><strong>Game Design i VR\/AR:<\/strong> Nauczysz si\u0119 projektowa\u0107 interaktywne \u015bwiaty w rzeczywisto\u015bci wirtualnej i rozszerzonej.<\/p>\n<\/div>\n\n\n\n<div class=\"wp-block-column is-layout-flow wp-container-core-column-is-layout-e3d1c41b wp-block-column-is-layout-flow\">\n<h3 class=\"wp-block-heading\" style=\"font-style:normal;font-weight:600\">Project Management<\/h3>\n\n\n\n<p class=\"has-text-align-left\"><strong>Sztuczna Inteligencja w mediach:<\/strong> Dowiesz si\u0119, jak sieci neuronowe generuj\u0105 tre\u015bci i rozpoznaj\u0105 wzorce w multimediach.<\/p>\n<\/div>\n\n\n\n<div class=\"wp-block-column is-layout-flow wp-container-core-column-is-layout-e3d1c41b wp-block-column-is-layout-flow\">\n<h3 class=\"wp-block-heading\" style=\"font-style:normal;font-weight:600\">Architectural Solutions<\/h3>\n\n\n\n<p class=\"has-text-align-left\"><strong>Realizacja telewizyjna i streaming:<\/strong> Poznasz zaplecze techniczne nowoczesnych studi\u00f3w nagraniowych i transmisji live.<\/p>\n<\/div>\n<\/div>\n<\/div>\n\n\n\n<div class=\"wp-block-group alignfull has-global-padding is-layout-constrained wp-container-core-group-is-layout-d89aad35 wp-block-group-is-layout-constrained\" style=\"margin-top:0;margin-bottom:0;padding-top:var(--wp--preset--spacing--50);padding-right:var(--wp--preset--spacing--50);padding-bottom:var(--wp--preset--spacing--50);padding-left:var(--wp--preset--spacing--50)\">\n<div class=\"wp-block-group alignwide has-global-padding is-layout-constrained wp-container-core-group-is-layout-19e250f3 wp-block-group-is-layout-constrained\">\n<div class=\"wp-block-group is-vertical is-content-justification-center is-layout-flex wp-container-core-group-is-layout-6329a8f3 wp-block-group-is-layout-flex\">\n<h2 class=\"wp-block-heading\">Twoja \u015bcie\u017cka kariery<\/h2>\n\n\n\n<p class=\"has-text-align-center\"><\/p>\n<\/div>\n\n\n\n<div style=\"height:var(--wp--preset--spacing--40)\" aria-hidden=\"true\" class=\"wp-block-spacer\"><\/div>\n\n\n\n<div class=\"wp-block-columns alignwide is-layout-flex wp-container-core-columns-is-layout-d1c656ed wp-block-columns-is-layout-flex\">\n<div class=\"wp-block-column is-vertically-aligned-center is-layout-flow wp-block-column-is-layout-flow\" style=\"flex-basis:40%\">\n<h3 class=\"wp-block-heading\">Po tych studiach mo\u017cesz zosta\u0107&#8230;<\/h3>\n\n\n\n<ul style=\"line-height:1.75\" class=\"wp-block-list\">\n<li><strong>In\u017cynierem d\u017awi\u0119ku i obrazu<\/strong> w bran\u017cy filmowej lub telewizyjnej.<\/li>\n\n\n\n<li><strong>Specjalist\u0105 UX\/UI<\/strong> projektuj\u0105cy intuicyjne interfejsy.<\/li>\n\n\n\n<li><strong>Programist\u0105 system\u00f3w multimedialnych<\/strong> i aplikacji mobilnych.<\/li>\n<\/ul>\n<\/div>\n\n\n\n<div class=\"wp-block-column is-layout-flow wp-block-column-is-layout-flow\" style=\"flex-basis:50%\">\n<figure class=\"wp-block-image size-full\"><img loading=\"lazy\" decoding=\"async\" width=\"1024\" height=\"683\" src=\"http:\/\/wkwujd.dkonto.pl\/wp-content\/uploads\/2026\/04\/programowanie_html-1024x683-1.webp\" alt=\"\" class=\"wp-image-58\" srcset=\"http:\/\/wkwujd.dkonto.pl\/wp-content\/uploads\/2026\/04\/programowanie_html-1024x683-1.webp 1024w, http:\/\/wkwujd.dkonto.pl\/wp-content\/uploads\/2026\/04\/programowanie_html-1024x683-1-300x200.webp 300w, http:\/\/wkwujd.dkonto.pl\/wp-content\/uploads\/2026\/04\/programowanie_html-1024x683-1-768x512.webp 768w\" sizes=\"(max-width: 1024px) 100vw, 1024px\" \/><\/figure>\n<\/div>\n<\/div>\n\n\n\n<div style=\"height:var(--wp--preset--spacing--40)\" aria-hidden=\"true\" class=\"wp-block-spacer\"><\/div>\n\n\n\n<div class=\"wp-block-columns alignwide is-layout-flex wp-container-core-columns-is-layout-d1c656ed wp-block-columns-is-layout-flex\">\n<div class=\"wp-block-column is-layout-flow wp-block-column-is-layout-flow\" style=\"flex-basis:50%\">\n<figure class=\"wp-block-image size-full\"><img loading=\"lazy\" decoding=\"async\" width=\"700\" height=\"390\" src=\"http:\/\/wkwujd.dkonto.pl\/wp-content\/uploads\/2026\/04\/vfigma.jpg\" alt=\"\" class=\"wp-image-59\" srcset=\"http:\/\/wkwujd.dkonto.pl\/wp-content\/uploads\/2026\/04\/vfigma.jpg 700w, http:\/\/wkwujd.dkonto.pl\/wp-content\/uploads\/2026\/04\/vfigma-300x167.jpg 300w\" sizes=\"(max-width: 700px) 100vw, 700px\" \/><\/figure>\n<\/div>\n\n\n\n<div class=\"wp-block-column is-vertically-aligned-center is-layout-flow wp-block-column-is-layout-flow\" style=\"flex-basis:40%\">\n<h3 class=\"wp-block-heading\">Dlaczego warto wybra\u0107 ten kierunek?<\/h3>\n\n\n\n<ul style=\"line-height:1.75\" class=\"wp-block-list\">\n<li><strong>Praktyka ponad teori\u0119:<\/strong> Wi\u0119kszo\u015b\u0107 zaj\u0119\u0107 odbywa si\u0119 w nowoczesnych laboratoriach wyposa\u017conych w profesjonalny sprz\u0119t (kamery, systemy motion capture, studia d\u017awi\u0119kowe).<\/li>\n\n\n\n<li><strong>Interdyscyplinarno\u015b\u0107:<\/strong> \u0141\u0105czymy tward\u0105 wiedz\u0119 in\u017cyniersk\u0105 z wra\u017cliwo\u015bci\u0105 na estetyk\u0119 i design.<\/li>\n\n\n\n<li><strong>Bran\u017ca przysz\u0142o\u015bci:<\/strong> Rynek multimedi\u00f3w rozwija si\u0119 dynamicznie \u2013 praca czeka na Ciebie ju\u017c w trakcie studi\u00f3w.<\/li>\n<\/ul>\n<\/div>\n<\/div>\n<\/div>\n<\/div>\n\n\n\n<p><\/p>\n","protected":false},"excerpt":{"rendered":"<p>Co to in\u017cynieria multimedi\u00f3w? Trzy i p\u00f3\u0142 letnie stacjonarne i niestacjonarne studia in\u017cynierskie prowadzone przez Uniwersytet Humanistyczno-Przyrodniczy im. Jana D\u0142ugosza w Cz\u0119stochowie. Do wyboru po pierwszym semestrze dwie specjalno\u015bci Re\u017cyseria d\u017awi\u0119ku oraz Realizacja obrazu. A Renovation and restoration Studia na kierunku In\u017cynieria Multimedi\u00f3w to unikalne po\u0142\u0105czenie informatyki, telekomunikacji i sztuki cyfrowej. Program studi\u00f3w zosta\u0142 zaprojektowany [&hellip;]<\/p>\n","protected":false},"author":1,"featured_media":0,"parent":0,"menu_order":0,"comment_status":"closed","ping_status":"closed","template":"","meta":{"footnotes":""},"class_list":["post-35","page","type-page","status-publish","hentry"],"_links":{"self":[{"href":"http:\/\/wkwujd.dkonto.pl\/index.php\/wp-json\/wp\/v2\/pages\/35","targetHints":{"allow":["GET"]}}],"collection":[{"href":"http:\/\/wkwujd.dkonto.pl\/index.php\/wp-json\/wp\/v2\/pages"}],"about":[{"href":"http:\/\/wkwujd.dkonto.pl\/index.php\/wp-json\/wp\/v2\/types\/page"}],"author":[{"embeddable":true,"href":"http:\/\/wkwujd.dkonto.pl\/index.php\/wp-json\/wp\/v2\/users\/1"}],"replies":[{"embeddable":true,"href":"http:\/\/wkwujd.dkonto.pl\/index.php\/wp-json\/wp\/v2\/comments?post=35"}],"version-history":[{"count":13,"href":"http:\/\/wkwujd.dkonto.pl\/index.php\/wp-json\/wp\/v2\/pages\/35\/revisions"}],"predecessor-version":[{"id":62,"href":"http:\/\/wkwujd.dkonto.pl\/index.php\/wp-json\/wp\/v2\/pages\/35\/revisions\/62"}],"wp:attachment":[{"href":"http:\/\/wkwujd.dkonto.pl\/index.php\/wp-json\/wp\/v2\/media?parent=35"}],"curies":[{"name":"wp","href":"https:\/\/api.w.org\/{rel}","templated":true}]}}